{"id":1489,"date":"2023-02-16T12:23:40","date_gmt":"2023-02-16T12:23:40","guid":{"rendered":"https:\/\/calfruits.cat\/recetas\/"},"modified":"2023-04-02T08:59:21","modified_gmt":"2023-04-02T08:59:21","slug":"recetas","status":"publish","type":"page","link":"https:\/\/calfruits.cat\/es\/recetas\/","title":{"rendered":"Recetas"},"content":{"rendered":"\t\t<div data-elementor-type=\"wp-page\" data-elementor-id=\"1489\" class=\"elementor elementor-1489 elementor-511\" data-elementor-post-type=\"page\">\n\t\t\t\t\t\t<section class=\"elementor-section elementor-top-section elementor-element elementor-element-1969114 elementor-section-boxed elementor-section-height-default elementor-section-height-default\" data-id=\"1969114\" data-element_type=\"section\">\n\t\t\t\t\t\t<div class=\"elementor-container elementor-column-gap-default\">\n\t\t\t\t\t<div class=\"elementor-column elementor-col-100 elementor-top-column elementor-element elementor-element-21b89ed\" data-id=\"21b89ed\" data-element_type=\"column\">\n\t\t\t<div class=\"elementor-widget-wrap elementor-element-populated\">\n\t\t\t\t\t\t<section class=\"elementor-section elementor-inner-section elementor-element elementor-element-b552511 elementor-section-boxed elementor-section-height-default elementor-section-height-default\" data-id=\"b552511\" data-element_type=\"section\">\n\t\t\t\t\t\t<div class=\"elementor-container elementor-column-gap-default\">\n\t\t\t\t\t<div class=\"elementor-column elementor-col-100 elementor-inner-column elementor-element elementor-element-be72785\" data-id=\"be72785\" data-element_type=\"column\">\n\t\t\t<div class=\"elementor-widget-wrap elementor-element-populated\">\n\t\t\t\t\t\t<div class=\"elementor-element elementor-element-533ca0b elementor-widget elementor-widget-heading\" data-id=\"533ca0b\" data-element_type=\"widget\" data-widget_type=\"heading.default\">\n\t\t\t\t<div class=\"elementor-widget-container\">\n\t\t\t\t\t<h2 class=\"elementor-heading-title elementor-size-default\">Descubre <span class=\"verde1\">nuestras recetas<\/span><\/h2>\t\t\t\t<\/div>\n\t\t\t\t<\/div>\n\t\t\t\t<div class=\"elementor-element elementor-element-c4c319c elementor-widget elementor-widget-text-editor\" data-id=\"c4c319c\" data-element_type=\"widget\" data-widget_type=\"text-editor.default\">\n\t\t\t\t<div class=\"elementor-widget-container\">\n\t\t\t\t\t\t\t\t\t<p>En esta secci\u00f3n de nuestra web, podr\u00e1s encontrar algunas de nuestras recetas de temporada, que elaboramos con los mejores productos que podr\u00e1s encontrar en nuestra <a href=\"https:\/\/calfruits.cat\/es\/\">fruter\u00eda de Reus<\/a>.<\/p>\n\t\t\t\t\t\t\t\t<\/div>\n\t\t\t\t<\/div>\n\t\t\t\t\t<\/div>\n\t\t<\/div>\n\t\t\t\t\t<\/div>\n\t\t<\/section>\n\t\t\t\t<div class=\"elementor-element elementor-element-dd1e5e6 elementor-grid-3 elementor-grid-tablet-2 elementor-grid-mobile-1 elementor-posts--thumbnail-top elementor-widget elementor-widget-posts\" data-id=\"dd1e5e6\" data-element_type=\"widget\" data-settings=\"{&quot;classic_row_gap&quot;:{&quot;unit&quot;:&quot;px&quot;,&quot;size&quot;:15,&quot;sizes&quot;:[]},&quot;classic_columns&quot;:&quot;3&quot;,&quot;classic_columns_tablet&quot;:&quot;2&quot;,&quot;classic_columns_mobile&quot;:&quot;1&quot;,&quot;classic_row_gap_laptop&quot;:{&quot;unit&quot;:&quot;px&quot;,&quot;size&quot;:&quot;&quot;,&quot;sizes&quot;:[]},&quot;classic_row_gap_tablet&quot;:{&quot;unit&quot;:&quot;px&quot;,&quot;size&quot;:&quot;&quot;,&quot;sizes&quot;:[]},&quot;classic_row_gap_mobile&quot;:{&quot;unit&quot;:&quot;px&quot;,&quot;size&quot;:&quot;&quot;,&quot;sizes&quot;:[]}}\" data-widget_type=\"posts.classic\">\n\t\t\t\t<div class=\"elementor-widget-container\">\n\t\t\t\t\t\t\t<div class=\"elementor-posts-container elementor-posts elementor-posts--skin-classic elementor-grid\" role=\"list\">\n\t\t\t\t<article class=\"elementor-post elementor-grid-item post-1530 post type-post status-publish format-standard has-post-thumbnail hentry category-sin-categorizar\" role=\"listitem\">\n\t\t\t\t<a class=\"elementor-post__thumbnail__link\" href=\"https:\/\/calfruits.cat\/es\/batido-detox\/\" tabindex=\"-1\" >\n\t\t\t<div class=\"elementor-post__thumbnail\"><img fetchpriority=\"high\" decoding=\"async\" width=\"768\" height=\"541\" src=\"https:\/\/calfruits.cat\/wp-content\/uploads\/2023\/02\/Batido-detox-verde-768x541.jpg\" class=\"attachment-medium_large size-medium_large wp-image-1077\" alt=\"Batido-detox-verde\" srcset=\"https:\/\/calfruits.cat\/wp-content\/uploads\/2023\/02\/Batido-detox-verde-768x541.jpg 768w, https:\/\/calfruits.cat\/wp-content\/uploads\/2023\/02\/Batido-detox-verde-300x211.jpg 300w, https:\/\/calfruits.cat\/wp-content\/uploads\/2023\/02\/Batido-detox-verde-1024x721.jpg 1024w, https:\/\/calfruits.cat\/wp-content\/uploads\/2023\/02\/Batido-detox-verde.jpg 1270w\" sizes=\"(max-width: 768px) 100vw, 768px\" \/><\/div>\n\t\t<\/a>\n\t\t\t\t<div class=\"elementor-post__text\">\n\t\t\t\t<span class=\"elementor-post__title\">\n\t\t\t<a href=\"https:\/\/calfruits.cat\/es\/batido-detox\/\" >\n\t\t\t\tBatido Detox\t\t\t<\/a>\n\t\t<\/span>\n\t\t\t\t<div class=\"elementor-post__meta-data\">\n\t\t\t\t\t<span class=\"elementor-post-date\">\n\t\t\t27\/02\/2023\t\t<\/span>\n\t\t\t\t<\/div>\n\t\t\t\t<div class=\"elementor-post__excerpt\">\n\t\t\t<p>INGREDIENTES 125 g de espinacas 50 g de apio 100 g de lechuga romana 1 Manzana 1 Pera 1 Platano 1 litro de agua mineral&hellip; <a class=\"continue\" href=\"https:\/\/calfruits.cat\/es\/batido-detox\/\">Continuar leyendo<span> Batido Detox<\/span><\/a><\/p>\n\t\t<\/div>\n\t\t\t\t<\/div>\n\t\t\t\t<\/article>\n\t\t\t\t<article class=\"elementor-post elementor-grid-item post-1534 post type-post status-publish format-standard has-post-thumbnail hentry category-sin-categorizar\" role=\"listitem\">\n\t\t\t\t<a class=\"elementor-post__thumbnail__link\" href=\"https:\/\/calfruits.cat\/es\/pure-de-verduras\/\" tabindex=\"-1\" >\n\t\t\t<div class=\"elementor-post__thumbnail\"><img decoding=\"async\" width=\"768\" height=\"432\" src=\"https:\/\/calfruits.cat\/wp-content\/uploads\/2023\/02\/pure-de-verduras-768x432.jpg\" class=\"attachment-medium_large size-medium_large wp-image-1073\" alt=\"pure de verduras\" srcset=\"https:\/\/calfruits.cat\/wp-content\/uploads\/2023\/02\/pure-de-verduras-768x432.jpg 768w, https:\/\/calfruits.cat\/wp-content\/uploads\/2023\/02\/pure-de-verduras-300x169.jpg 300w, https:\/\/calfruits.cat\/wp-content\/uploads\/2023\/02\/pure-de-verduras-1024x576.jpg 1024w, https:\/\/calfruits.cat\/wp-content\/uploads\/2023\/02\/pure-de-verduras.jpg 1239w\" sizes=\"(max-width: 768px) 100vw, 768px\" \/><\/div>\n\t\t<\/a>\n\t\t\t\t<div class=\"elementor-post__text\">\n\t\t\t\t<span class=\"elementor-post__title\">\n\t\t\t<a href=\"https:\/\/calfruits.cat\/es\/pure-de-verduras\/\" >\n\t\t\t\tPur\u00e9 de verduras\t\t\t<\/a>\n\t\t<\/span>\n\t\t\t\t<div class=\"elementor-post__meta-data\">\n\t\t\t\t\t<span class=\"elementor-post-date\">\n\t\t\t27\/02\/2023\t\t<\/span>\n\t\t\t\t<\/div>\n\t\t\t\t<div class=\"elementor-post__excerpt\">\n\t\t\t<p>INGREDIENTES 1 puerro 1 cebolla tierna 1 calabac\u00edn grande 2 zanahorias 100 gr de espinacas o acelgas 1 patata 1 L agua Aceite de oliva&hellip; <a class=\"continue\" href=\"https:\/\/calfruits.cat\/es\/pure-de-verduras\/\">Continuar leyendo<span> Pur\u00e9 de verduras<\/span><\/a><\/p>\n\t\t<\/div>\n\t\t\t\t<\/div>\n\t\t\t\t<\/article>\n\t\t\t\t<article class=\"elementor-post elementor-grid-item post-1538 post type-post status-publish format-standard has-post-thumbnail hentry category-sin-categorizar\" role=\"listitem\">\n\t\t\t\t<a class=\"elementor-post__thumbnail__link\" href=\"https:\/\/calfruits.cat\/es\/guarnicion-de-verduras-en-el-horno\/\" tabindex=\"-1\" >\n\t\t\t<div class=\"elementor-post__thumbnail\"><img decoding=\"async\" width=\"768\" height=\"512\" src=\"https:\/\/calfruits.cat\/wp-content\/uploads\/2023\/02\/Verduras-al-horno-shutterstock_344377484-768x512.jpg\" class=\"attachment-medium_large size-medium_large wp-image-1069\" alt=\"Guarnici\u00f3 de verdures al forn\" srcset=\"https:\/\/calfruits.cat\/wp-content\/uploads\/2023\/02\/Verduras-al-horno-shutterstock_344377484-768x512.jpg 768w, https:\/\/calfruits.cat\/wp-content\/uploads\/2023\/02\/Verduras-al-horno-shutterstock_344377484-300x200.jpg 300w, https:\/\/calfruits.cat\/wp-content\/uploads\/2023\/02\/Verduras-al-horno-shutterstock_344377484-1024x683.jpg 1024w, https:\/\/calfruits.cat\/wp-content\/uploads\/2023\/02\/Verduras-al-horno-shutterstock_344377484.jpg 1200w\" sizes=\"(max-width: 768px) 100vw, 768px\" \/><\/div>\n\t\t<\/a>\n\t\t\t\t<div class=\"elementor-post__text\">\n\t\t\t\t<span class=\"elementor-post__title\">\n\t\t\t<a href=\"https:\/\/calfruits.cat\/es\/guarnicion-de-verduras-en-el-horno\/\" >\n\t\t\t\tGuarnici\u00f3n de verduras en el horno\t\t\t<\/a>\n\t\t<\/span>\n\t\t\t\t<div class=\"elementor-post__meta-data\">\n\t\t\t\t\t<span class=\"elementor-post-date\">\n\t\t\t27\/02\/2023\t\t<\/span>\n\t\t\t\t<\/div>\n\t\t\t\t<div class=\"elementor-post__excerpt\">\n\t\t\t<p>Aqu\u00ed tiene una receta muy sencilla para utilizar como acompa\u00f1amiento para cualquier tipo de carne o pescado. 4 raciones INGREDIENTES Calabac\u00edn 1 unidad Pimiento Rojo&hellip; <a class=\"continue\" href=\"https:\/\/calfruits.cat\/es\/guarnicion-de-verduras-en-el-horno\/\">Continuar leyendo<span> Guarnici\u00f3n de verduras en el horno<\/span><\/a><\/p>\n\t\t<\/div>\n\t\t\t\t<\/div>\n\t\t\t\t<\/article>\n\t\t\t\t<article class=\"elementor-post elementor-grid-item post-1536 post type-post status-publish format-standard has-post-thumbnail hentry category-sin-categorizar\" role=\"listitem\">\n\t\t\t\t<a class=\"elementor-post__thumbnail__link\" href=\"https:\/\/calfruits.cat\/es\/gazpacho-de-sandia\/\" tabindex=\"-1\" >\n\t\t\t<div class=\"elementor-post__thumbnail\"><img loading=\"lazy\" decoding=\"async\" width=\"725\" height=\"483\" src=\"https:\/\/calfruits.cat\/wp-content\/uploads\/2023\/02\/gazpacho-sandia-thermomix-1.jpg\" class=\"attachment-medium_large size-medium_large wp-image-1063\" alt=\"Gaspatxo de sindria\" srcset=\"https:\/\/calfruits.cat\/wp-content\/uploads\/2023\/02\/gazpacho-sandia-thermomix-1.jpg 725w, https:\/\/calfruits.cat\/wp-content\/uploads\/2023\/02\/gazpacho-sandia-thermomix-1-300x200.jpg 300w\" sizes=\"(max-width: 725px) 100vw, 725px\" \/><\/div>\n\t\t<\/a>\n\t\t\t\t<div class=\"elementor-post__text\">\n\t\t\t\t<span class=\"elementor-post__title\">\n\t\t\t<a href=\"https:\/\/calfruits.cat\/es\/gazpacho-de-sandia\/\" >\n\t\t\t\tGazpacho de sand\u00eda\t\t\t<\/a>\n\t\t<\/span>\n\t\t\t\t<div class=\"elementor-post__meta-data\">\n\t\t\t\t\t<span class=\"elementor-post-date\">\n\t\t\t27\/02\/2023\t\t<\/span>\n\t\t\t\t<\/div>\n\t\t\t\t<div class=\"elementor-post__excerpt\">\n\t\t\t<p>INGREDIENTES Sand\u00eda 500gr Tomates maduros 500gr Pimiento verde 1 Cebolla tierna 250gr. Ajo 1 Vinagre 4 cucharadas Agua fr\u00eda 500ml Pan 40gr Sal Aceite 4&hellip; <a class=\"continue\" href=\"https:\/\/calfruits.cat\/es\/gazpacho-de-sandia\/\">Continuar leyendo<span> Gazpacho de sand\u00eda<\/span><\/a><\/p>\n\t\t<\/div>\n\t\t\t\t<\/div>\n\t\t\t\t<\/article>\n\t\t\t\t<article class=\"elementor-post elementor-grid-item post-1532 post type-post status-publish format-standard has-post-thumbnail hentry category-sin-categorizar\" role=\"listitem\">\n\t\t\t\t<a class=\"elementor-post__thumbnail__link\" href=\"https:\/\/calfruits.cat\/es\/ensalada-detox\/\" tabindex=\"-1\" >\n\t\t\t<div class=\"elementor-post__thumbnail\"><img loading=\"lazy\" decoding=\"async\" width=\"600\" height=\"528\" src=\"https:\/\/calfruits.cat\/wp-content\/uploads\/2023\/02\/7B5940D2-F98B-4B89-AD00-F07DC81D6DC9.jpg\" class=\"attachment-medium_large size-medium_large wp-image-1053\" alt=\"Amanida Detox\" srcset=\"https:\/\/calfruits.cat\/wp-content\/uploads\/2023\/02\/7B5940D2-F98B-4B89-AD00-F07DC81D6DC9.jpg 600w, https:\/\/calfruits.cat\/wp-content\/uploads\/2023\/02\/7B5940D2-F98B-4B89-AD00-F07DC81D6DC9-300x264.jpg 300w\" sizes=\"(max-width: 600px) 100vw, 600px\" \/><\/div>\n\t\t<\/a>\n\t\t\t\t<div class=\"elementor-post__text\">\n\t\t\t\t<span class=\"elementor-post__title\">\n\t\t\t<a href=\"https:\/\/calfruits.cat\/es\/ensalada-detox\/\" >\n\t\t\t\tEnsalada Detox\t\t\t<\/a>\n\t\t<\/span>\n\t\t\t\t<div class=\"elementor-post__meta-data\">\n\t\t\t\t\t<span class=\"elementor-post-date\">\n\t\t\t15\/02\/2023\t\t<\/span>\n\t\t\t\t<\/div>\n\t\t\t\t<div class=\"elementor-post__excerpt\">\n\t\t\t<p>Ingredientes Zanahoria 200 gr Pimiento 200gr Br\u00f3coli 200gr Perejil 4 ramillas Papaya 150gr Zumo de lim\u00f3n 20gr Miel 1 cucharada Pimienta negra Aceite de oliva&hellip; <a class=\"continue\" href=\"https:\/\/calfruits.cat\/es\/ensalada-detox\/\">Continuar leyendo<span> Ensalada Detox<\/span><\/a><\/p>\n\t\t<\/div>\n\t\t\t\t<\/div>\n\t\t\t\t<\/article>\n\t\t\t\t<\/div>\n\t\t\n\t\t\t\t\t\t<\/div>\n\t\t\t\t<\/div>\n\t\t\t\t\t<\/div>\n\t\t<\/div>\n\t\t\t\t\t<\/div>\n\t\t<\/section>\n\t\t\t\t<\/div>\n\t\t","protected":false},"excerpt":{"rendered":"<p>Descubre nuestras recetas En esta secci\u00f3n de nuestra web, podr\u00e1s encontrar algunas de nuestras recetas de temporada, que elaboramos con los mejores productos que podr\u00e1s encontrar en nuestra fruter\u00eda de Reus.<\/p>\n","protected":false},"author":1,"featured_media":0,"parent":0,"menu_order":0,"comment_status":"closed","ping_status":"closed","template":"elementor_header_footer","meta":{"footnotes":""},"class_list":["post-1489","page","type-page","status-publish","hentry"],"_links":{"self":[{"href":"https:\/\/calfruits.cat\/es\/wp-json\/wp\/v2\/pages\/1489","targetHints":{"allow":["GET"]}}],"collection":[{"href":"https:\/\/calfruits.cat\/es\/wp-json\/wp\/v2\/pages"}],"about":[{"href":"https:\/\/calfruits.cat\/es\/wp-json\/wp\/v2\/types\/page"}],"author":[{"embeddable":true,"href":"https:\/\/calfruits.cat\/es\/wp-json\/wp\/v2\/users\/1"}],"replies":[{"embeddable":true,"href":"https:\/\/calfruits.cat\/es\/wp-json\/wp\/v2\/comments?post=1489"}],"version-history":[{"count":3,"href":"https:\/\/calfruits.cat\/es\/wp-json\/wp\/v2\/pages\/1489\/revisions"}],"predecessor-version":[{"id":1492,"href":"https:\/\/calfruits.cat\/es\/wp-json\/wp\/v2\/pages\/1489\/revisions\/1492"}],"wp:attachment":[{"href":"https:\/\/calfruits.cat\/es\/wp-json\/wp\/v2\/media?parent=1489"}],"curies":[{"name":"wp","href":"https:\/\/api.w.org\/{rel}","templated":true}]}}