{"id":1485,"date":"2023-02-20T15:53:14","date_gmt":"2023-02-20T15:53:14","guid":{"rendered":"https:\/\/calfruits.cat\/declaracion-de-accesibilidad\/"},"modified":"2023-04-02T08:58:14","modified_gmt":"2023-04-02T08:58:14","slug":"declaracion-de-accesibilidad","status":"publish","type":"page","link":"https:\/\/calfruits.cat\/es\/declaracion-de-accesibilidad\/","title":{"rendered":"Declaraci\u00f3n de accesibilidad"},"content":{"rendered":"\t\t<div data-elementor-type=\"wp-page\" data-elementor-id=\"1485\" class=\"elementor elementor-1485 elementor-900\" data-elementor-post-type=\"page\">\n\t\t\t\t\t\t<section class=\"elementor-section elementor-top-section elementor-element elementor-element-4635bca elementor-section-boxed elementor-section-height-default elementor-section-height-default\" data-id=\"4635bca\" data-element_type=\"section\">\n\t\t\t\t\t\t<div class=\"elementor-container elementor-column-gap-default\">\n\t\t\t\t\t<div class=\"elementor-column elementor-col-100 elementor-top-column elementor-element elementor-element-c2c7e84\" data-id=\"c2c7e84\" data-element_type=\"column\">\n\t\t\t<div class=\"elementor-widget-wrap elementor-element-populated\">\n\t\t\t\t\t\t<div class=\"elementor-element elementor-element-90c698c elementor-widget elementor-widget-heading\" data-id=\"90c698c\" data-element_type=\"widget\" data-widget_type=\"heading.default\">\n\t\t\t\t<div class=\"elementor-widget-container\">\n\t\t\t\t\t<h1 class=\"elementor-heading-title elementor-size-default\">Declaraci\u00f3n de accesibilidad<\/h1>\t\t\t\t<\/div>\n\t\t\t\t<\/div>\n\t\t\t\t<div class=\"elementor-element elementor-element-a00a6b3 elementor-widget elementor-widget-text-editor\" data-id=\"a00a6b3\" data-element_type=\"widget\" data-widget_type=\"text-editor.default\">\n\t\t\t\t<div class=\"elementor-widget-container\">\n\t\t\t\t\t\t\t\t\t<div> <\/div>\n<div>\n<div>\n<p>Cal Fruits se ha comprometido a hacer accesibles sus sitios web, de conformidad con el <strong><a href=\"https:\/\/www.boe.es\/buscar\/act.php?id=BOE-A-2018-12699\" target=\"_blank\" rel=\"noopener\" data-linktype=\"external\" data-val=\"https:\/\/www.boe.es\/buscar\/act.php?id=BOE-A-2018-12699\">Real Decreto 1112\/2018<\/a><\/strong>, de 7 de septiembre, sobre accesibilidad de los sitios web y aplicaciones para dispositivos m\u00f3viles del sector p\u00fablico, por la que se traspone al ordenamiento jur\u00eddico espa\u00f1ol la <a href=\"http:\/\/eur-lex.europa.eu\/legal-content\/ES\/TXT\/?uri=uriserv:OJ.L_.2016.327.01.0001.01.SPA&amp;toc=OJ:L:2016:327:FULL\" target=\"_blank\" rel=\"noopener\" data-linktype=\"external\" data-val=\"http:\/\/eur-lex.europa.eu\/legal-content\/ES\/TXT\/?uri=uriserv:OJ.L_.2016.327.01.0001.01.SPA&amp;toc=OJ:L:2016:327:FULL\">Directiva (UE) 2016\/2102 del Parlamento Europeo y del Consejo<\/a>.<\/p>\n<p>La presente declaraci\u00f3n de accesibilidad se aplica a la web <a href=\"http:\/\/www.calfruits.cat\">www.calfruits.cat<\/a><\/p>\n<h2>Situaci\u00f3n de cumplimiento<\/h2>\n<p>Este sitio web es <strong>parcialmente conforme<\/strong> con el <a title=\"RD 1112\/2018\" href=\"https:\/\/www.boe.es\/diario_boe\/txt.php?id=BOE-A-2018-12699\" target=\"_blank\" rel=\"noopener\" data-linktype=\"external\" data-val=\"https:\/\/www.boe.es\/diario_boe\/txt.php?id=BOE-A-2018-12699\"><strong>RD 1112\/2018<\/strong><\/a> debido a las excepciones y a la falta de conformidad de los aspectos que se indican a continuaci\u00f3n.<\/p>\n<h2>Contenido no accesible<\/h2>\n<p>El contenido que se recoge a continuaci\u00f3n no es accesible por lo siguiente:<\/p>\n<ol>\n<li><strong>Falta de conformidad con el RD 1112\/2018<\/strong>\n<ul>\n<li>Debido a la automatizaci\u00f3n de algunas de las publicaciones podr\u00edan existir p\u00e1ginas con un incorrecto anidamiento de etiquetas HTML.<\/li>\n<li>Podr\u00edan existir fallos puntuales de edici\u00f3n en alguna p\u00e1gina web.<\/li>\n<\/ul>\n<\/li>\n<li><strong>Carga desproporcionada<\/strong>\n<ul>\n<li>No aplica.<\/li>\n<\/ul>\n<\/li>\n<li><strong>Contenido que no entra dentro del \u00e1mbito de la legislaci\u00f3n aplicable<\/strong>\n<ul>\n<li>Archivos ofim\u00e1ticos en PDF u otros formatos, as\u00ed como aplicaciones publicadas antes del 20 de septiembre de 2018 que no cumplan en su totalidad todos los requisitos de accesibilidad.<\/li>\n<li>Servicios de mapa y cartograf\u00eda en l\u00ednea.<\/li>\n<\/ul>\n<\/li>\n<\/ol>\n<h2>Preparaci\u00f3n de la presente declaraci\u00f3n de accesibilidad<\/h2>\n<p>La presente declaraci\u00f3n fue preparada el 28 de octubre de 2019 y est\u00e1 basada en los Informes de Accesibilidad Web del <a title=\"Observatorio de Accesibilidad\" href=\"https:\/\/administracionelectronica.gob.es\/pae_Home\/pae_Estrategias\/pae_Accesibilidad.html\" target=\"_blank\" rel=\"noopener\" data-linktype=\"external\" data-val=\"https:\/\/administracionelectronica.gob.es\/pae_Home\/pae_Estrategias\/pae_Accesibilidad.html\"><strong>Observatorio de Accesibilidad<\/strong><\/a>.<\/p>\n<p>La fecha de la \u00faltima revisi\u00f3n ha sido el 29 de septiembre de 2020.<\/p>\n<h2>Observaciones y datos de contacto<\/h2>\n<p>Puede realizar <strong>comunicaciones<\/strong> sobre requisitos de accesibilidad (art\u00edculo 10.2 del RD 1112\/2018) como por ejemplo:<\/p>\n<ul>\n<li>informar sobre cualquier posible incumplimiento por parte de este sitio web<\/li>\n<li>transmitir otras <strong>dificultades de acceso<\/strong> al contenido<\/li>\n<li>formular cualquier otra <strong>consulta o sugerencia de mejora<\/strong> relativa a la accesibilidad del sitio web<\/li>\n<\/ul>\n<p>a trav\u00e9s del <a href=\"https:\/\/www.calfruits.cat\/contacte\/\">formulario de contacto<\/a> de este sitio web.<\/p>\n<p>Las comunicaciones ser\u00e1n recibidas y tratadas por el <em>Servicio de Tecnolog\u00edas de la Informaci\u00f3n<\/em> del Ayuntamiento de Sevilla.<\/p>\n<h2>Procedimiento de aplicaci\u00f3n<\/h2>\n<p>Se pondr\u00e1 en marcha un procedimiento de aplicaci\u00f3n adecuado y eficaz al que debe recurrirse en caso de que la respuesta a la comunicaci\u00f3n o a la solicitud sea insatisfactoria. [<strong>Pendiente<\/strong>]<\/p>\n<h2>Contenido opcional<\/h2>\n<p>Este sitio web:<\/p>\n<ul>\n<li>Se ha dise\u00f1ado adapt\u00e1ndose a los est\u00e1ndares y normativas vigentes en relaci\u00f3n a la accesibilidad, cumpliendo con los puntos de verificaci\u00f3n de prioridad 2 (AA) definidos en la especificaci\u00f3n de Pautas de Accesibilidad al Contenido en la Web (WCAG 2.1).<\/li>\n<li>Cumple con los requisitos de la Norma <a title=\": abre una ventana nueva\" href=\"https:\/\/administracionelectronica.gob.es\/pae_Home\/dam\/jcr:2352eaaf-2ee8-4501-a67b-bb682c6de934\/Norma_UNE-EN_301549.pdf\" target=\"_blank\" rel=\"noopener\">UNE-EN 301549 v1.1.2:2015<\/a>, considerando las excepciones del Real Decreto 1112\/2018.<\/li>\n<li>Est\u00e1 dise\u00f1ado para su correcta visualizaci\u00f3n en dispositivos de escritorio, tablet y m\u00f3viles para una resoluci\u00f3n m\u00ednima de <strong>1280\u00d71024<\/strong>.<\/li>\n<li>Se ha realizado utilizando HTML5 como lenguaje de marcado y hojas de estilo CSS 3 para su dise\u00f1o.<\/li>\n<li>Est\u00e1 dise\u00f1ado para su uso con javascript no intrusivo ofreciendo, en el caso de que su navegador no lo soporte, su correspondiente alternativa no javascript.<\/li>\n<\/ul>\n<\/div>\n<\/div>\n\t\t\t\t\t\t\t\t<\/div>\n\t\t\t\t<\/div>\n\t\t\t\t\t<\/div>\n\t\t<\/div>\n\t\t\t\t\t<\/div>\n\t\t<\/section>\n\t\t\t\t<\/div>\n\t\t","protected":false},"excerpt":{"rendered":"<p>Declaraci\u00f3n de accesibilidad Cal Fruits se ha comprometido a hacer accesibles sus sitios web, de conformidad con el Real Decreto 1112\/2018, de 7 de septiembre, sobre accesibilidad de los sitios web y aplicaciones para dispositivos m\u00f3viles del sector p\u00fablico, por la que se traspone al ordenamiento jur\u00eddico espa\u00f1ol la Directiva (UE) 2016\/2102 del Parlamento Europeo&hellip; <a class=\"continue\" href=\"https:\/\/calfruits.cat\/es\/declaracion-de-accesibilidad\/\">Continuar leyendo<span> Declaraci\u00f3n de accesibilidad<\/span><\/a><\/p>\n","protected":false},"author":1,"featured_media":0,"parent":0,"menu_order":0,"comment_status":"closed","ping_status":"closed","template":"elementor_header_footer","meta":{"footnotes":""},"class_list":["post-1485","page","type-page","status-publish","hentry"],"_links":{"self":[{"href":"https:\/\/calfruits.cat\/es\/wp-json\/wp\/v2\/pages\/1485","targetHints":{"allow":["GET"]}}],"collection":[{"href":"https:\/\/calfruits.cat\/es\/wp-json\/wp\/v2\/pages"}],"about":[{"href":"https:\/\/calfruits.cat\/es\/wp-json\/wp\/v2\/types\/page"}],"author":[{"embeddable":true,"href":"https:\/\/calfruits.cat\/es\/wp-json\/wp\/v2\/users\/1"}],"replies":[{"embeddable":true,"href":"https:\/\/calfruits.cat\/es\/wp-json\/wp\/v2\/comments?post=1485"}],"version-history":[{"count":3,"href":"https:\/\/calfruits.cat\/es\/wp-json\/wp\/v2\/pages\/1485\/revisions"}],"predecessor-version":[{"id":1488,"href":"https:\/\/calfruits.cat\/es\/wp-json\/wp\/v2\/pages\/1485\/revisions\/1488"}],"wp:attachment":[{"href":"https:\/\/calfruits.cat\/es\/wp-json\/wp\/v2\/media?parent=1485"}],"curies":[{"name":"wp","href":"https:\/\/api.w.org\/{rel}","templated":true}]}}